{"id":16,"date":"2014-12-04T12:44:58","date_gmt":"2014-12-04T10:44:58","guid":{"rendered":"http:\/\/localhost\/wordpress\/?page_id=16"},"modified":"2024-04-08T10:59:03","modified_gmt":"2024-04-08T08:59:03","slug":"o-klubu","status":"publish","type":"page","link":"http:\/\/www.vk-korana.hr\/?page_id=16","title":{"rendered":"O KLUBU"},"content":{"rendered":"<p style=\"text-shadow: 1px 1px #304a21;\">Vesla\u010dki klub Korana<\/p>\n\n<table id=\"tablepress-1\" class=\"tablepress tablepress-id-1\">\n<tbody>\n<tr class=\"row-1\">\n\t<td class=\"column-1\">Adresa:<\/td><td class=\"column-2\">\u017dorovica 3<br \/>\n47000 Karlovac<br \/>\nHrvatska<\/td><td class=\"column-3\"><\/td>\n<\/tr>\n<tr class=\"row-2\">\n\t<td class=\"column-1\">Email:<\/td><td class=\"column-2\">vk-korana@ka.t-com.hr<\/td><td class=\"column-3\"><\/td>\n<\/tr>\n<tr class=\"row-3\">\n\t<td class=\"column-1\">Tel.\/Fax:<\/td><td class=\"column-2\">047\/416-911<\/td><td class=\"column-3\"><\/td>\n<\/tr>\n<tr class=\"row-4\">\n\t<td class=\"column-1\">Mati\u010dni broj:<\/td><td class=\"column-2\">3162656<\/td><td class=\"column-3\"><\/td>\n<\/tr>\n<tr class=\"row-5\">\n\t<td class=\"column-1\">OIB:<\/td><td class=\"column-2\">67860931292<\/td><td class=\"column-3\"><\/td>\n<\/tr>\n<tr class=\"row-6\">\n\t<td class=\"column-1\">\u017diro ra\u010dun:<\/td><td class=\"column-2\">IBAN:  Karlova\u010dka banka  HR1424000081107194277<\/td><td class=\"column-3\">SWIFT( kod ) KALCHR2X<\/td>\n<\/tr>\n<\/tbody>\n<\/table>\n<!-- #tablepress-1 from cache -->\n\n\n\n<p style=\"text-align: center;\">\n\n\n<\/p>\n<figure class=\"wp-block-image size-full is-resized\"><img loading=\"lazy\" decoding=\"async\" class=\"wp-image-11536 aligncenter\" src=\"http:\/\/www.vk-korana.hr\/wordpress\/wp-content\/uploads\/2024\/03\/90p.png\" alt=\"\" width=\"286\" height=\"286\" srcset=\"http:\/\/www.vk-korana.hr\/wordpress\/wp-content\/uploads\/2024\/03\/90p.png 680w, http:\/\/www.vk-korana.hr\/wordpress\/wp-content\/uploads\/2024\/03\/90p-300x300.png 300w, http:\/\/www.vk-korana.hr\/wordpress\/wp-content\/uploads\/2024\/03\/90p-150x150.png 150w\" sizes=\"auto, (max-width: 286px) 100vw, 286px\" \/><\/figure>\n<p style=\"text-align: center;\">\n\n\n<p>&nbsp;<\/p>\n<p>Osnovan : 1935. godine<\/p>\n<p>\u010clanstvo : 30 regatnih vesla\u010da, 50 polaznika \u0160kole veslanja, 188 podupiraju\u0107ih \u010dlanova<br>\u010clan : Hrvatskog vesla\u010dkog saveza, Karlova\u010dke \u0161portske zajednice<br>Sjedi\u0161te : Dom VK Korana, \u017dorovica 3, u karlova\u010dkoj \u010detvrti Dubovac na desnoj obali Kupe<br>Boja dresa : zeleno-bijela<br>Boja vesala : zelena<\/p>\n<p>&nbsp;<\/p>\n<p style=\"text-align: center;\"><img loading=\"lazy\" decoding=\"async\" class=\"size-full wp-image-391 aligncenter\" src=\"http:\/\/www.vk-korana.hr\/wordpress\/wp-content\/uploads\/2014\/06\/aviosnimka.jpg\" alt=\"aviosnimka\" width=\"800\" height=\"532\" srcset=\"http:\/\/www.vk-korana.hr\/wordpress\/wp-content\/uploads\/2014\/06\/aviosnimka.jpg 800w, http:\/\/www.vk-korana.hr\/wordpress\/wp-content\/uploads\/2014\/06\/aviosnimka-300x199.jpg 300w\" sizes=\"auto, (max-width: 800px) 100vw, 800px\" \/>Vesla\u010dki klub Korana iz zraka<\/p>","protected":false},"excerpt":{"rendered":"<p>Vesla\u010dki klub Korana &nbsp; Osnovan : 1935. godine \u010clanstvo : 30 regatnih vesla\u010da, 50 polaznika \u0160kole veslanja, 188 podupiraju\u0107ih \u010dlanova\u010clan : Hrvatskog vesla\u010dkog saveza, Karlova\u010dke \u0161portske zajedniceSjedi\u0161te : Dom VK Korana, \u017dorovica 3, u karlova\u010dkoj \u010detvrti Dubovac na desnoj obali KupeBoja dresa : zeleno-bijelaBoja vesala : zelena &nbsp; Vesla\u010dki klub Korana iz zraka<\/p>\n","protected":false},"author":1,"featured_media":0,"parent":0,"menu_order":0,"comment_status":"closed","ping_status":"closed","template":"","meta":{"ngg_post_thumbnail":0,"footnotes":""},"class_list":["post-16","page","type-page","status-publish","hentry","description-off"],"_links":{"self":[{"href":"http:\/\/www.vk-korana.hr\/index.php?rest_route=\/wp\/v2\/pages\/16","targetHints":{"allow":["GET"]}}],"collection":[{"href":"http:\/\/www.vk-korana.hr\/index.php?rest_route=\/wp\/v2\/pages"}],"about":[{"href":"http:\/\/www.vk-korana.hr\/index.php?rest_route=\/wp\/v2\/types\/page"}],"author":[{"embeddable":true,"href":"http:\/\/www.vk-korana.hr\/index.php?rest_route=\/wp\/v2\/users\/1"}],"replies":[{"embeddable":true,"href":"http:\/\/www.vk-korana.hr\/index.php?rest_route=%2Fwp%2Fv2%2Fcomments&post=16"}],"version-history":[{"count":16,"href":"http:\/\/www.vk-korana.hr\/index.php?rest_route=\/wp\/v2\/pages\/16\/revisions"}],"predecessor-version":[{"id":11717,"href":"http:\/\/www.vk-korana.hr\/index.php?rest_route=\/wp\/v2\/pages\/16\/revisions\/11717"}],"wp:attachment":[{"href":"http:\/\/www.vk-korana.hr\/index.php?rest_route=%2Fwp%2Fv2%2Fmedia&parent=16"}],"curies":[{"name":"wp","href":"https:\/\/api.w.org\/{rel}","templated":true}]}}