{"id":322,"date":"2014-12-09T11:36:31","date_gmt":"2014-12-09T09:36:31","guid":{"rendered":"http:\/\/localhost\/wordpress\/?page_id=322"},"modified":"2024-03-15T08:58:16","modified_gmt":"2024-03-15T06:58:16","slug":"regatni-veslaci","status":"publish","type":"page","link":"http:\/\/www.vk-korana.hr\/?page_id=322","title":{"rendered":"VESLA\u010cI"},"content":{"rendered":"<p>&nbsp;<\/p>\n<table class=\" aligncenter\" style=\"height: 816px;\" width=\"585\">\n<tbody>\n<tr>\n<td colspan=\"4\" width=\"588\"><strong>POPIS SPORTA\u0160A VK KORANA<\/strong><\/td>\n<\/tr>\n<tr>\n<td width=\"48\">Red.broj<\/td>\n<td width=\"264\">Ime i prezime<\/td>\n<td width=\"126\">Datum ro\u0111enja<\/td>\n<td width=\"150\">Broj iskaznice<\/td>\n<\/tr>\n<tr>\n<td width=\"48\">1<\/td>\n<td width=\"264\">LUKA HAJDIN<\/td>\n<td width=\"126\">18.05.2005.<\/td>\n<td width=\"150\">&nbsp;<\/td>\n<\/tr>\n<tr>\n<td width=\"48\">2<\/td>\n<td width=\"264\">MAURO BAUER<\/td>\n<td width=\"126\">20.04.2005.<\/td>\n<td width=\"150\"><!--StartFragment--> <!--EndFragment--><\/td>\n<\/tr>\n<tr>\n<td width=\"48\">3<\/td>\n<td width=\"264\">EMA HODAK<br \/>\n<!--EndFragment--><\/td>\n<td width=\"126\">21.02.2008.<br \/>\n<!--EndFragment--><\/td>\n<td width=\"150\"><!--StartFragment--> <!--EndFragment--><\/td>\n<\/tr>\n<tr>\n<td width=\"48\">4<\/td>\n<td width=\"264\">JOSIP JAK\u0160I\u0106<br \/>\n<!--EndFragment--><\/td>\n<td width=\"126\">10.07.2007.<br \/>\n<!--EndFragment--><\/td>\n<td width=\"150\"><!--StartFragment--> <!--EndFragment--><\/td>\n<\/tr>\n<tr>\n<td width=\"48\">5<\/td>\n<td width=\"264\">JAN LATKOVI\u0106<br \/>\n<!--EndFragment--><\/td>\n<td width=\"126\">30.04.2007.<br \/>\n<!--EndFragment--><\/td>\n<td width=\"150\"><!--StartFragment--> <!--EndFragment--><\/td>\n<\/tr>\n<tr>\n<td width=\"48\">6<\/td>\n<td width=\"264\">\u0160IME RAVNJAK<!--EndFragment--><\/td>\n<td width=\"126\">16.11.2008.<!--EndFragment--><\/td>\n<td width=\"150\"><!--StartFragment--> <!--EndFragment--><\/td>\n<\/tr>\n<tr>\n<td width=\"48\">7<\/td>\n<td width=\"264\">MATIJA CAR<!--EndFragment--><\/td>\n<td width=\"126\">20.05.2007.<!--EndFragment--><\/td>\n<td width=\"150\">&nbsp;<\/td>\n<\/tr>\n<tr>\n<td width=\"48\">8<\/td>\n<td width=\"264\">LEON OPA\u010cI\u0106<!--EndFragment--><\/td>\n<td width=\"126\">15.09.2009.<!--EndFragment--><\/td>\n<td width=\"150\"><!--StartFragment-->&nbsp; <!--EndFragment--><\/td>\n<\/tr>\n<tr>\n<td width=\"48\">9<\/td>\n<td width=\"264\">JAN \u010cRNE<!--EndFragment--><\/td>\n<td width=\"126\">12.08.2010.<!--EndFragment--><\/td>\n<td width=\"150\">&nbsp;<\/td>\n<\/tr>\n<tr>\n<td width=\"48\">10<\/td>\n<td width=\"264\">DAVID MIKA\u0160INOVI\u0106<\/td>\n<td width=\"126\">09.10.2009.<\/td>\n<td width=\"150\">&nbsp;<\/td>\n<\/tr>\n<tr>\n<td width=\"48\">11<\/td>\n<td width=\"264\">MAKS FINDRIK<\/td>\n<td width=\"126\">19.06.2010.<\/td>\n<td width=\"150\">&nbsp;<\/td>\n<\/tr>\n<tr>\n<td width=\"48\">12<\/td>\n<td width=\"264\">RUBEN SELIMOVI\u0106<\/td>\n<td width=\"126\">16.05.2006.<\/td>\n<td width=\"150\">&nbsp;<\/td>\n<\/tr>\n<tr>\n<td width=\"48\">13<\/td>\n<td width=\"264\">EMA VUKOVI\u0106<\/td>\n<td width=\"126\">16.07.2009.<\/td>\n<td width=\"150\">&nbsp;<\/td>\n<\/tr>\n<tr>\n<td width=\"48\">14<\/td>\n<td width=\"264\">VITO BROZOVI\u0106<\/td>\n<td width=\"126\">&nbsp;<\/td>\n<td width=\"150\">&nbsp;<\/td>\n<\/tr>\n<tr>\n<td width=\"48\">&nbsp;<\/td>\n<td width=\"264\">&nbsp;<\/td>\n<td width=\"126\">&nbsp;<\/td>\n<td width=\"150\">&nbsp;<\/td>\n<\/tr>\n<tr>\n<td width=\"48\">&nbsp;<\/td>\n<td width=\"264\">&nbsp;<\/td>\n<td width=\"126\">&nbsp;<\/td>\n<td width=\"150\">&nbsp;<\/td>\n<\/tr>\n<tr>\n<td width=\"48\">&nbsp;<\/td>\n<td width=\"264\">&nbsp;<\/td>\n<td width=\"126\">&nbsp;<\/td>\n<td width=\"150\">&nbsp;<\/td>\n<\/tr>\n<tr>\n<td width=\"48\">&nbsp;<\/td>\n<td width=\"264\">&nbsp;<\/td>\n<td width=\"126\">&nbsp;<\/td>\n<td width=\"150\">&nbsp;<\/td>\n<\/tr>\n<tr>\n<td width=\"48\">&nbsp;<\/td>\n<td width=\"264\">&nbsp;<\/td>\n<td width=\"126\">&nbsp;<\/td>\n<td width=\"150\">&nbsp;<\/td>\n<\/tr>\n<tr>\n<td width=\"48\">&nbsp;<\/td>\n<td width=\"264\">&nbsp;<\/td>\n<td width=\"126\">&nbsp;<\/td>\n<td width=\"150\">&nbsp;<\/td>\n<\/tr>\n<tr>\n<td width=\"48\">&nbsp;<\/td>\n<td width=\"264\">&nbsp;<\/td>\n<td width=\"126\">&nbsp;<\/td>\n<td width=\"150\">&nbsp;<\/td>\n<\/tr>\n<tr>\n<td width=\"48\">&nbsp;<\/td>\n<td width=\"264\">&nbsp;<\/td>\n<td width=\"126\">&nbsp;<\/td>\n<td width=\"150\">&nbsp;<\/td>\n<\/tr>\n<tr>\n<td width=\"48\">&nbsp;<\/td>\n<td width=\"264\">&nbsp;<\/td>\n<td width=\"126\">&nbsp;<\/td>\n<td width=\"150\">&nbsp;<\/td>\n<\/tr>\n<tr>\n<td width=\"48\">&nbsp;<\/td>\n<td width=\"264\">&nbsp;<\/td>\n<td width=\"126\">&nbsp;<\/td>\n<td width=\"150\">&nbsp;<\/td>\n<\/tr>\n<tr>\n<td width=\"48\">&nbsp;<\/td>\n<td width=\"264\">&nbsp;<\/td>\n<td width=\"126\">&nbsp;<\/td>\n<td width=\"150\">&nbsp;<\/td>\n<\/tr>\n<tr>\n<td width=\"48\">&nbsp;<\/td>\n<td width=\"264\">&nbsp;<\/td>\n<td width=\"126\">&nbsp;<\/td>\n<td width=\"150\">&nbsp;<\/td>\n<\/tr>\n<tr>\n<td width=\"48\">&nbsp;<\/td>\n<td width=\"264\">&nbsp;<\/td>\n<td width=\"126\">&nbsp;<\/td>\n<td width=\"150\">&nbsp;<\/td>\n<\/tr>\n<tr>\n<td width=\"48\">&nbsp;<\/td>\n<td width=\"264\">&nbsp;<\/td>\n<td width=\"126\">&nbsp;<\/td>\n<td width=\"150\">&nbsp;<\/td>\n<\/tr>\n<tr>\n<td width=\"48\">&nbsp;<\/td>\n<td width=\"264\">&nbsp;<\/td>\n<td width=\"126\">&nbsp;<\/td>\n<td width=\"150\">&nbsp;<\/td>\n<\/tr>\n<tr>\n<td width=\"48\">&nbsp;<\/td>\n<td width=\"264\">&nbsp;<\/td>\n<td width=\"126\">&nbsp;<\/td>\n<td width=\"150\">&nbsp;<\/td>\n<\/tr>\n<\/tbody>\n<\/table>\n","protected":false},"excerpt":{"rendered":"<p>&nbsp; POPIS SPORTA\u0160A VK KORANA Red.broj Ime i prezime Datum ro\u0111enja Broj iskaznice 1 LUKA HAJDIN 18.05.2005. &nbsp; 2 MAURO BAUER 20.04.2005. 3 EMA HODAK 21.02.2008. 4 JOSIP JAK\u0160I\u0106 10.07.2007. 5 JAN LATKOVI\u0106 30.04.2007. 6 \u0160IME RAVNJAK 16.11.2008. 7 MATIJA CAR 20.05.2007. &nbsp; 8 LEON OPA\u010cI\u0106 15.09.2009. &nbsp; 9 JAN \u010cRNE 12.08.2010. &nbsp; 10 DAVID&hellip;<\/p>\n","protected":false},"author":1,"featured_media":0,"parent":0,"menu_order":0,"comment_status":"closed","ping_status":"closed","template":"","meta":{"ngg_post_thumbnail":0,"footnotes":""},"class_list":["post-322","page","type-page","status-publish","hentry","description-off"],"_links":{"self":[{"href":"http:\/\/www.vk-korana.hr\/index.php?rest_route=\/wp\/v2\/pages\/322","targetHints":{"allow":["GET"]}}],"collection":[{"href":"http:\/\/www.vk-korana.hr\/index.php?rest_route=\/wp\/v2\/pages"}],"about":[{"href":"http:\/\/www.vk-korana.hr\/index.php?rest_route=\/wp\/v2\/types\/page"}],"author":[{"embeddable":true,"href":"http:\/\/www.vk-korana.hr\/index.php?rest_route=\/wp\/v2\/users\/1"}],"replies":[{"embeddable":true,"href":"http:\/\/www.vk-korana.hr\/index.php?rest_route=%2Fwp%2Fv2%2Fcomments&post=322"}],"version-history":[{"count":24,"href":"http:\/\/www.vk-korana.hr\/index.php?rest_route=\/wp\/v2\/pages\/322\/revisions"}],"predecessor-version":[{"id":11478,"href":"http:\/\/www.vk-korana.hr\/index.php?rest_route=\/wp\/v2\/pages\/322\/revisions\/11478"}],"wp:attachment":[{"href":"http:\/\/www.vk-korana.hr\/index.php?rest_route=%2Fwp%2Fv2%2Fmedia&parent=322"}],"curies":[{"name":"wp","href":"https:\/\/api.w.org\/{rel}","templated":true}]}}