{"id":47,"date":"2014-12-04T22:55:00","date_gmt":"2014-12-04T20:55:00","guid":{"rendered":"http:\/\/localhost\/wordpress\/?page_id=47"},"modified":"2024-04-08T10:57:07","modified_gmt":"2024-04-08T08:57:07","slug":"dokumenti","status":"publish","type":"page","link":"http:\/\/www.vk-korana.hr\/?page_id=47","title":{"rendered":"DOKUMENTI"},"content":{"rendered":"<p style=\"text-align: center;\"><a href=\"http:\/\/www.vk-korana.hr\/wordpress\/wp-content\/uploads\/2024\/04\/STATUT_2023.pdf\">STATUT Vesla\u010dkog kluba Korana 2023.<\/a><\/p>\n<p style=\"text-align: center;\"><a href=\"https:\/\/www.vk-korana.hr\/wordpress\/wp-content\/uploads\/2024\/04\/PRISTUPNICA-VKK.pdf\">PRISTUPNICA VKK<\/a><\/p>\n<p style=\"text-align: center;\"><a href=\"https:\/\/www.vk-korana.hr\/wordpress\/wp-content\/uploads\/2024\/04\/PRISTUPNICA-VKK-iznad-14.pdf\">PRISTUPNICA VKK iznad 14<\/a><\/p>\n<p style=\"text-align: center;\"><a href=\"https:\/\/www.vk-korana.hr\/wordpress\/wp-content\/uploads\/2024\/04\/PRISTUPNICA-VKK-ispod-14.pdf\">PRISTUPNICA VKK ispod 14<\/a><\/p>\n<p style=\"text-align: center;\"><a href=\"https:\/\/www.vk-korana.hr\/wordpress\/wp-content\/uploads\/2024\/04\/PRISTUPNICA-skola-veslanja-30.10.2022.pdf\">PRISTUPNICA \u0161kola veslanja<\/a><\/p>\n<p style=\"text-align: center;\"><a href=\"http:\/\/www.vk-korana.hr\/wordpress\/wp-content\/uploads\/2021\/05\/Poslovnik-Strucno-programske-komisije-1.pdf\">Poslovnik Stru\u010dno-programske komisije<\/a><\/p>\n<p style=\"text-align: center;\"><a href=\"http:\/\/www.vk-korana.hr\/wordpress\/wp-content\/uploads\/2021\/05\/Poslovnik-Komisije-za-organizaciju-natjecanja-i-dogadanja-1.pdf\">Poslovnik Komisije za organizaciju natjecanja i doga\u0111anja<\/a><\/p>\n<p style=\"text-align: center;\"><a href=\"http:\/\/www.vk-korana.hr\/wordpress\/wp-content\/uploads\/2021\/05\/Poslovnik-Komisije-za-financijsko-materijalno-poslovanje-1.pdf\">Poslovnik Komisije za financijsko-materijalno poslovanje<\/a><\/p>\n<p style=\"text-align: center;\"><a href=\"http:\/\/www.vk-korana.hr\/wordpress\/wp-content\/uploads\/2021\/05\/Poslovnik-Komisije-za-zdravstvenu-skrb.pdf\">Poslovnik Komisije za zdravstvenu skrb<\/a><\/p>\n<p style=\"text-align: center;\"><a href=\"http:\/\/www.vk-korana.hr\/wordpress\/wp-content\/uploads\/2021\/05\/Poslovnik-Komisije-za-odnose-s-javnoscu-2.pdf\">Poslovnik Komisije za odnose s javno\u0161\u0107u<\/a><\/p>\n<p style=\"text-align: center;\"><a href=\"http:\/\/www.vk-korana.hr\/wordpress\/wp-content\/uploads\/2021\/05\/Poslovnik-Stegovne-komisije.pdf\">Poslovnik Stegovne komisije<\/a><\/p>\n<p style=\"text-align: center;\"><a href=\"http:\/\/www.vk-korana.hr\/wordpress\/wp-content\/uploads\/2021\/05\/Stegovni-pravilnik.pdf\">Stegovni pravilnik<\/a><\/p>\n<p style=\"text-align: center;\"><a href=\"http:\/\/www.vk-korana.hr\/wordpress\/wp-content\/uploads\/2021\/05\/Pravilnik-o-rekreacijskom-veslanju-u-VK-KORANA-Obrasci.pdf\">Pravilnik o rekreacijskom veslanju u VK KORANA + Obrasci<\/a><\/p>\n<p style=\"text-align: center;\"><a href=\"http:\/\/www.vk-korana.hr\/wordpress\/wp-content\/uploads\/2021\/01\/Suglasnost-za-Skupstinu.docx\">Suglasnost za Skup\u0161tinu<\/a><\/p>\n\n\n<p><\/p>\n","protected":false},"excerpt":{"rendered":"<p>STATUT Vesla\u010dkog kluba Korana 2023. PRISTUPNICA VKK PRISTUPNICA VKK iznad 14 PRISTUPNICA VKK ispod 14 PRISTUPNICA \u0161kola veslanja Poslovnik Stru\u010dno-programske komisije Poslovnik Komisije za organizaciju natjecanja i doga\u0111anja Poslovnik Komisije za financijsko-materijalno poslovanje Poslovnik Komisije za zdravstvenu skrb Poslovnik Komisije za odnose s javno\u0161\u0107u Poslovnik Stegovne komisije Stegovni pravilnik Pravilnik o rekreacijskom veslanju u VK&hellip;<\/p>\n","protected":false},"author":1,"featured_media":0,"parent":0,"menu_order":0,"comment_status":"closed","ping_status":"closed","template":"","meta":{"ngg_post_thumbnail":0,"footnotes":""},"class_list":["post-47","page","type-page","status-publish","hentry","description-off"],"_links":{"self":[{"href":"http:\/\/www.vk-korana.hr\/index.php?rest_route=\/wp\/v2\/pages\/47","targetHints":{"allow":["GET"]}}],"collection":[{"href":"http:\/\/www.vk-korana.hr\/index.php?rest_route=\/wp\/v2\/pages"}],"about":[{"href":"http:\/\/www.vk-korana.hr\/index.php?rest_route=\/wp\/v2\/types\/page"}],"author":[{"embeddable":true,"href":"http:\/\/www.vk-korana.hr\/index.php?rest_route=\/wp\/v2\/users\/1"}],"replies":[{"embeddable":true,"href":"http:\/\/www.vk-korana.hr\/index.php?rest_route=%2Fwp%2Fv2%2Fcomments&post=47"}],"version-history":[{"count":63,"href":"http:\/\/www.vk-korana.hr\/index.php?rest_route=\/wp\/v2\/pages\/47\/revisions"}],"predecessor-version":[{"id":11689,"href":"http:\/\/www.vk-korana.hr\/index.php?rest_route=\/wp\/v2\/pages\/47\/revisions\/11689"}],"wp:attachment":[{"href":"http:\/\/www.vk-korana.hr\/index.php?rest_route=%2Fwp%2Fv2%2Fmedia&parent=47"}],"curies":[{"name":"wp","href":"https:\/\/api.w.org\/{rel}","templated":true}]}}