{"id":52,"date":"2014-12-04T22:59:11","date_gmt":"2014-12-04T20:59:11","guid":{"rendered":"http:\/\/localhost\/wordpress\/?page_id=52"},"modified":"2024-04-08T11:00:46","modified_gmt":"2024-04-08T09:00:46","slug":"publikacije","status":"publish","type":"page","link":"http:\/\/www.vk-korana.hr\/?page_id=52","title":{"rendered":"PUBLIKACIJE"},"content":{"rendered":"\n<figure class=\"wp-block-embed-youtube wp-block-embed is-type-video is-provider-youtube wp-embed-aspect-16-9 wp-has-aspect-ratio\"><div class=\"wp-block-embed__wrapper\">\n<iframe loading=\"lazy\" title=\"60.ro\u0111endan HRK, emisija &quot;Kupski narode&quot; #sport #veslanje #radio #karlovac #korana\" width=\"1200\" height=\"675\" src=\"https:\/\/www.youtube.com\/embed\/3O-_haFRQ5Q?feature=oembed\" frameborder=\"0\" allow=\"accelerometer; autoplay; clipboard-write; encrypted-media; gyroscope; picture-in-picture; web-share\" allowfullscreen><\/iframe>\n<\/div><\/figure>\n\n\n\n<p><strong>60 GODINA VESLA\u010cKOG KLUBA KORANA<\/strong> (1935. &#8211; 1995.)<\/p>\n\n\n\n<p>Kori\u0161teni su dijelovi iz razgovora (mix 60 minuta iz 23 polusatne emisije) s osniva\u010dima, \u010dlanovima, vesla\u010dicama i vesla\u010dima Vesla\u010dkog kluba Korana iz Karlovca a u povodu 60. obljetnice kluba (1935.-1995.).<\/p>\n\n\n\n<p>Sudionici razgovora bili su: <strong>Tomislav Josip Stjepan Tolj, Mato Colnar, Bo\u0161ko Jerini\u0107, Boris Majoli, Oskar \u0160irola, Boris Vrbanac, Daniel Butala, Velimir Katu\u0161in, Zlatko \u0160imecki, Ana Ivi\u0107 Matakovi\u0107, Bruno Foschio, Danica Vu\u010dini\u0107 Cvitak, \u0110ur\u0111a Kova\u010di\u0107 Hrastov\u010dak, Albina Mileusni\u0107 \u0160imecki, Sanja Volovi\u0107 Maradin, Davorin Katu\u0161in, \u017delimir Nejak, Krunoslav Jankovi\u0107, Juraj \u017deljeznjak, Aleksandar Miculini\u0107, Zlatko Katu\u0161in, Josip Perkovi\u0107 i Branko Franjkovi\u0107. &nbsp;<\/strong><\/p>\n\n\n\n<p>Izdava\u010d: Hrvatski radio i televizija Karlovac d.d.<\/p>\n\n\n\n<p>Urednik izdanja i novinar: Marijan Baki\u0107<\/p>\n\n\n\n<p>Producent: Branko Obradovi\u0107<\/p>\n\n\n\n<p>Tehni\u010dka realizacija: Alenko Mrkalj<\/p>\n\n\n<table id=\"main\" style=\"padding-left: 90px; padding-right: 90px; height: 324px;\" width=\"771\">\n<tbody>\n<tr>\n<td style=\"vertical-align: middle;\" width=\"350\">\n<div align=\"center\"><img loading=\"lazy\" decoding=\"async\" class=\"alignnone wp-image-461 size-full\" src=\"http:\/\/www.vk-korana.hr\/wordpress\/wp-content\/uploads\/2014\/06\/50godina.gif\" alt=\"50godina\" width=\"154\" height=\"120\"><\/div>\n<div align=\"center\"><strong>Na\u0161ih 50 godina<\/strong><\/div>\n<p>&nbsp;<\/p>\n<div align=\"center\">&nbsp;<\/div>\n<div align=\"center\">Almanah \u201cNa\u0161ih 50 godina\u201d izdan je 1985. godine povodom 50. godi\u0161njice kluba.<\/div>\n<\/td>\n<td style=\"vertical-align: middle;\" width=\"350\">\n<div align=\"center\"><img loading=\"lazy\" decoding=\"async\" class=\"alignnone size-full wp-image-462\" src=\"http:\/\/www.vk-korana.hr\/wordpress\/wp-content\/uploads\/2014\/06\/kupski_narode.gif\" alt=\"kupski_narode\" width=\"160\" height=\"216\"><\/div>\n<div align=\"center\"><strong>Klupski narode, Hooo\u2014ruk !<\/strong><\/div>\n<p>&nbsp;<\/p>\n<div align=\"center\">&nbsp;<\/div>\n<div align=\"center\">Monografija \u201cKlupski narode, Hooo-ruk!\u201d izdana je 2003. povodom jubilarne 50. karlovacke regate.<\/div>\n<\/td>\n<\/tr>\n<\/tbody>\n<\/table>\n<p>&nbsp;<\/p>\n<div align=\"center\"><object width=\"640\" height=\"480\"><param name=\"allowfullscreen\" value=\"true\"><param name=\"allowscriptaccess\" value=\"always\"><param name=\"movie\" value=\"http:\/\/vimeo.com\/moogaloop.swf?clip_id=12811216&amp;server=vimeo.com&amp;show_title=1&amp;show_byline=1&amp;show_portrait=0&amp;color=&amp;fullscreen=1\"><embed src=\"http:\/\/vimeo.com\/moogaloop.swf?clip_id=12811216&amp;server=vimeo.com&amp;show_title=1&amp;show_byline=1&amp;show_portrait=0&amp;color=&amp;fullscreen=1\" type=\"application\/x-shockwave-flash\" allowfullscreen=\"allowfullscreen\" allowscriptaccess=\"always\" width=\"640\" height=\"480\"><\/object><\/div>\n<div align=\"center\">&nbsp;<\/div>\n<div align=\"center\"><a href=\"http:\/\/vimeo.com\/12811216\">VESLANJE KROZ VRIJEME KVK 1935. &#8211; 2005.<\/a> from <a href=\"http:\/\/vimeo.com\/user4115012\">VK KORANA<\/a> on <a href=\"http:\/\/vimeo.com\">Vimeo<\/a>.<\/div>\n<p>&nbsp;<\/p>\n<p>&nbsp;<\/p>\n<center><iframe loading=\"lazy\" src=\"http:\/\/player.vimeo.com\/video\/16119423\" width=\"640\" height=\"472\" frameborder=\"0\"><\/iframe><\/center><center><\/center><center><a style=\"color: #ffffff;\" href=\"http:\/\/vimeo.com\/16119423\">POVIJEST KARLOVACKOG SPORTA<\/a><span style=\"color: #ffffff;\">&nbsp;from&nbsp;<\/span><a style=\"color: #ffffff;\" href=\"http:\/\/vimeo.com\/user4079243\">vkkorana<\/a><span style=\"color: #ffffff;\">&nbsp;on&nbsp;<\/span><a style=\"color: #ffffff;\" href=\"http:\/\/vimeo.com\/\">Vimeo<\/a><span style=\"color: #ffffff;\">.<\/span><\/center>\n<p>&nbsp;<\/p>\n<p>Raspored vesla\u010dke regate odr\u017eane 4. kolovoza 1946.&nbsp;<\/p>\n<p><a href=\"http:\/\/www.vk-korana.hr\/wordpress\/wp-content\/uploads\/2023\/02\/VESLANJE-regata-1946.pdf\">VESLANJE regata 1946.<\/a><\/p>","protected":false},"excerpt":{"rendered":"<p>60 GODINA VESLA\u010cKOG KLUBA KORANA (1935. &#8211; 1995.) Kori\u0161teni su dijelovi iz razgovora (mix 60 minuta iz 23 polusatne emisije) s osniva\u010dima, \u010dlanovima, vesla\u010dicama i vesla\u010dima Vesla\u010dkog kluba Korana iz Karlovca a u povodu 60. obljetnice kluba (1935.-1995.). Sudionici razgovora bili su: Tomislav Josip Stjepan Tolj, Mato Colnar, Bo\u0161ko Jerini\u0107, Boris Majoli, Oskar \u0160irola, Boris&hellip;<\/p>\n","protected":false},"author":1,"featured_media":0,"parent":0,"menu_order":0,"comment_status":"closed","ping_status":"closed","template":"","meta":{"ngg_post_thumbnail":0,"footnotes":""},"class_list":["post-52","page","type-page","status-publish","hentry","description-off"],"_links":{"self":[{"href":"http:\/\/www.vk-korana.hr\/index.php?rest_route=\/wp\/v2\/pages\/52","targetHints":{"allow":["GET"]}}],"collection":[{"href":"http:\/\/www.vk-korana.hr\/index.php?rest_route=\/wp\/v2\/pages"}],"about":[{"href":"http:\/\/www.vk-korana.hr\/index.php?rest_route=\/wp\/v2\/types\/page"}],"author":[{"embeddable":true,"href":"http:\/\/www.vk-korana.hr\/index.php?rest_route=\/wp\/v2\/users\/1"}],"replies":[{"embeddable":true,"href":"http:\/\/www.vk-korana.hr\/index.php?rest_route=%2Fwp%2Fv2%2Fcomments&post=52"}],"version-history":[{"count":21,"href":"http:\/\/www.vk-korana.hr\/index.php?rest_route=\/wp\/v2\/pages\/52\/revisions"}],"predecessor-version":[{"id":11011,"href":"http:\/\/www.vk-korana.hr\/index.php?rest_route=\/wp\/v2\/pages\/52\/revisions\/11011"}],"wp:attachment":[{"href":"http:\/\/www.vk-korana.hr\/index.php?rest_route=%2Fwp%2Fv2%2Fmedia&parent=52"}],"curies":[{"name":"wp","href":"https:\/\/api.w.org\/{rel}","templated":true}]}}