{"id":71,"date":"2014-06-04T23:18:39","date_gmt":"2014-06-04T21:18:39","guid":{"rendered":"http:\/\/localhost\/wordpress\/?page_id=71"},"modified":"2024-04-08T10:57:20","modified_gmt":"2024-04-08T08:57:20","slug":"galerija2014","status":"publish","type":"page","link":"http:\/\/www.vk-korana.hr\/?page_id=71","title":{"rendered":"GALERIJA"},"content":{"rendered":"\nngg_shortcode_0_placeholder\n\n\n\nngg_shortcode_1_placeholder\n\n\n\nngg_shortcode_2_placeholder\n\n\n\nngg_shortcode_3_placeholder\n\n\n\nngg_shortcode_4_placeholder\n\n\n\nngg_shortcode_5_placeholder\n\n\n\nngg_shortcode_6_placeholder\n\n\n\nngg_shortcode_7_placeholder\n\n\n\nngg_shortcode_8_placeholder\n\n\n\nngg_shortcode_9_placeholder\n\n\n\nngg_shortcode_10_placeholder\n\n\n\nngg_shortcode_11_placeholder\n\n\n\nngg_shortcode_12_placeholder\n\n\n\nngg_shortcode_13_placeholder\n\n\n\nngg_shortcode_14_placeholder\n\n\n\nngg_shortcode_15_placeholder\n\n\n\nngg_shortcode_16_placeholder\n\n\n\nngg_shortcode_17_placeholder\n\n\n\nngg_shortcode_18_placeholder\n\n\n\nngg_shortcode_19_placeholder\n\n\n\nngg_shortcode_20_placeholder\n\n\n\nngg_shortcode_21_placeholder\n\n\n\nngg_shortcode_22_placeholder\n\n\n\nngg_shortcode_23_placeholder\n","protected":false},"excerpt":{"rendered":"<p>Skup\u0161tina kluba 2024. 23&nbsp;Photos Otvoreno prvenstvo ergometri 2023. 10&nbsp;Photos Izbor za sporta\u0161a KA \u017eupanije 2023. 8&nbsp;Photos Pripreme Skradin 2023 9&nbsp;Photos Izbor za sporta\u0161a grada 2023. 11&nbsp;Photos Regatta Munchen 2023 5&nbsp;Photos 70. Karlova\u010dka regata 29&nbsp;Photos Finale Hrvatskog vesla\u010dkog kupa 2023 15&nbsp;Photos Klupska regata 2022. 8&nbsp;Photos 69. Karlova\u010dka regata 24&nbsp;Photos Zagreb 500 2022. 17&nbsp;Photos 17. Regata sv.&hellip;<\/p>\n","protected":false},"author":1,"featured_media":0,"parent":0,"menu_order":0,"comment_status":"closed","ping_status":"open","template":"","meta":{"ngg_post_thumbnail":0,"footnotes":""},"class_list":["post-71","page","type-page","status-publish","hentry","description-off"],"_links":{"self":[{"href":"http:\/\/www.vk-korana.hr\/index.php?rest_route=\/wp\/v2\/pages\/71","targetHints":{"allow":["GET"]}}],"collection":[{"href":"http:\/\/www.vk-korana.hr\/index.php?rest_route=\/wp\/v2\/pages"}],"about":[{"href":"http:\/\/www.vk-korana.hr\/index.php?rest_route=\/wp\/v2\/types\/page"}],"author":[{"embeddable":true,"href":"http:\/\/www.vk-korana.hr\/index.php?rest_route=\/wp\/v2\/users\/1"}],"replies":[{"embeddable":true,"href":"http:\/\/www.vk-korana.hr\/index.php?rest_route=%2Fwp%2Fv2%2Fcomments&post=71"}],"version-history":[{"count":50,"href":"http:\/\/www.vk-korana.hr\/index.php?rest_route=\/wp\/v2\/pages\/71\/revisions"}],"predecessor-version":[{"id":11596,"href":"http:\/\/www.vk-korana.hr\/index.php?rest_route=\/wp\/v2\/pages\/71\/revisions\/11596"}],"wp:attachment":[{"href":"http:\/\/www.vk-korana.hr\/index.php?rest_route=%2Fwp%2Fv2%2Fmedia&parent=71"}],"curies":[{"name":"wp","href":"https:\/\/api.w.org\/{rel}","templated":true}]}}