{"id":45,"date":"2014-12-04T22:53:50","date_gmt":"2014-12-04T20:53:50","guid":{"rendered":"http:\/\/localhost\/wordpress\/?page_id=45"},"modified":"2026-02-17T20:28:06","modified_gmt":"2026-02-17T18:28:06","slug":"uprava","status":"publish","type":"page","link":"https:\/\/www.vk-korana.hr\/?page_id=45","title":{"rendered":"UPRAVA"},"content":{"rendered":"<p style=\"text-align: center;\">UPRAVNI ODBOR<\/p>\n<p style=\"text-align: center;\">Boris Vrbanac, predsjednik<br \/>\nBruno Rogi\u0107<br \/>\nFilip Renduli\u0107<br \/>\nZlatko Katu\u0161in<br \/>\nNenad Su\u017enjevi\u0107<br \/>\nAlen Hodak<br \/>\nMario Konjovoda<br \/>\nIvan Volovi\u0107<\/p>\n<p style=\"text-align: center;\">NADZORNI ODBOR<\/p>\n<p style=\"text-align: center;\">Aleksej Igna\u0161\u0107enko<br \/>\nBranko Franjkovi\u0107<br \/>\nLadislav Katu\u0161in<\/p>\n<p style=\"text-align: center;\">POVJERENSTVO ZA ZDRAVSTVENU SKRB<\/p>\n<p style=\"text-align: center;\">Mirjana Lon\u010dari\u0107 \u2013 Katu\u0161in<br \/>\nAleksej Igna\u0161\u0107enko<\/p>\n<p style=\"text-align: center;\">POVJERENSTVO ZA ORGANIZACIJU NATJECANJA I DOGA\u0110AJA<\/p>\n<p style=\"text-align: center;\">Ladislav Katu\u0161in<br \/>\nAntun Purgar<\/p>\n<p style=\"text-align: center;\">STEGOVNO POVJERENSTVO<\/p>\n<p style=\"text-align: center;\">Zvonimir \u017dnidar\u0161i\u0107<br \/>\nBoris Vrbanac<br \/>\nMatija Su\u017enjevi\u0107<\/p>\n<p style=\"text-align: center;\">STRU\u010cNO \u2013 PROGRAMSKO POVJERENSTVO<\/p>\n<p style=\"text-align: center;\">Zlatko Katu\u0161in<br \/>\nDario \u0160abi\u0107<br \/>\nJuraj Rudar<\/p>\n<p style=\"text-align: center;\">POVJERENSTVO ZA MATERIJALNO \u2013 FINANCIJSKO POSLOVANJE<\/p>\n<p style=\"text-align: center;\">Boris Miculini\u0107<br \/>\nBruno Rogi\u0107<br \/>\nNenad Su\u017enjevi\u0107<\/p>\n","protected":false},"excerpt":{"rendered":"<p>UPRAVNI ODBOR Boris Vrbanac, predsjednik Bruno Rogi\u0107 Filip Renduli\u0107 Zlatko Katu\u0161in Nenad Su\u017enjevi\u0107 Alen Hodak Mario Konjovoda Ivan Volovi\u0107 NADZORNI ODBOR Aleksej Igna\u0161\u0107enko Branko Franjkovi\u0107 Ladislav Katu\u0161in POVJERENSTVO ZA ZDRAVSTVENU SKRB Mirjana Lon\u010dari\u0107 \u2013 Katu\u0161in Aleksej Igna\u0161\u0107enko POVJERENSTVO ZA ORGANIZACIJU NATJECANJA I DOGA\u0110AJA Ladislav Katu\u0161in Antun Purgar STEGOVNO POVJERENSTVO Zvonimir \u017dnidar\u0161i\u0107 Boris Vrbanac Matija Su\u017enjevi\u0107&hellip;<\/p>\n","protected":false},"author":1,"featured_media":0,"parent":0,"menu_order":0,"comment_status":"closed","ping_status":"closed","template":"","meta":{"ngg_post_thumbnail":0,"footnotes":""},"class_list":["post-45","page","type-page","status-publish","hentry","description-off"],"_links":{"self":[{"href":"https:\/\/www.vk-korana.hr\/index.php?rest_route=\/wp\/v2\/pages\/45","targetHints":{"allow":["GET"]}}],"collection":[{"href":"https:\/\/www.vk-korana.hr\/index.php?rest_route=\/wp\/v2\/pages"}],"about":[{"href":"https:\/\/www.vk-korana.hr\/index.php?rest_route=\/wp\/v2\/types\/page"}],"author":[{"embeddable":true,"href":"https:\/\/www.vk-korana.hr\/index.php?rest_route=\/wp\/v2\/users\/1"}],"replies":[{"embeddable":true,"href":"https:\/\/www.vk-korana.hr\/index.php?rest_route=%2Fwp%2Fv2%2Fcomments&post=45"}],"version-history":[{"count":14,"href":"https:\/\/www.vk-korana.hr\/index.php?rest_route=\/wp\/v2\/pages\/45\/revisions"}],"predecessor-version":[{"id":12296,"href":"https:\/\/www.vk-korana.hr\/index.php?rest_route=\/wp\/v2\/pages\/45\/revisions\/12296"}],"wp:attachment":[{"href":"https:\/\/www.vk-korana.hr\/index.php?rest_route=%2Fwp%2Fv2%2Fmedia&parent=45"}],"curies":[{"name":"wp","href":"https:\/\/api.w.org\/{rel}","templated":true}]}}